{"id":8,"date":"2017-05-26T11:16:41","date_gmt":"2017-05-26T09:16:41","guid":{"rendered":"http:\/\/rafallancucki.pl\/?page_id=8"},"modified":"2017-05-26T19:57:26","modified_gmt":"2017-05-26T17:57:26","slug":"o-nas","status":"publish","type":"page","link":"https:\/\/rafallancucki.pl\/index.php\/o-nas\/","title":{"rendered":"O mnie"},"content":{"rendered":"<p><img loading=\"lazy\" decoding=\"async\" class=\"alignnone size-medium wp-image-36\" src=\"http:\/\/rafallancucki.pl\/wp-content\/uploads\/2017\/05\/LinkedIn-300x252.jpg\" alt=\"\" width=\"300\" height=\"252\" srcset=\"https:\/\/rafallancucki.pl\/wp-content\/uploads\/2017\/05\/LinkedIn-300x252.jpg 300w, https:\/\/rafallancucki.pl\/wp-content\/uploads\/2017\/05\/LinkedIn-768x644.jpg 768w, https:\/\/rafallancucki.pl\/wp-content\/uploads\/2017\/05\/LinkedIn.jpg 960w\" sizes=\"(max-width: 300px) 100vw, 300px\" \/><\/p>\n<p style=\"text-align: justify;\">Jestem pracownikiem IT z ponad 16-letnim sta\u017cem. W trakcie kariery przeszed\u0142em przez szczeble hierarchii zawodowej pocz\u0105wszy od software developera poprzez Team Leadera a sko\u0144czywszy na funkcji Scrum Mastera.<\/p>\n<p style=\"text-align: justify;\">W swoich organizacjach zawsze uczestniczy\u0142em w procesie nie tylko od strony technicznej ale r\u00f3wnie\u017c organizacyjno\/zarz\u0105dczej.<\/p>\n<p style=\"text-align: justify;\">Mam mocne zaplecze techniczne g\u0142\u00f3wnie w zakresie technologii Microsoft\u00a0 jak r\u00f3wnie\u017c umiej\u0119tno\u015b\u0107 dostrzegania problem\u00f3w organizacji na wy\u017cszym poziomie.<\/p>\n<p style=\"text-align: justify;\">Z pomys\u0142em dzielenia si\u0119 do\u015bwiadczeniami &#8222;z placu boju&#8221; nosi\u0142em si\u0119 od dawna, jednak ze wzgl\u0119du na braki czasowe i wykorzystywanie energii do wspomagania organizacji nigdy go nie zrealizowa\u0142em.<\/p>\n<p>Mam nadziej\u0119, \u017ce tym razem si\u0119 uda &#8230;<\/p>\n<p>&nbsp;<\/p>\n","protected":false},"excerpt":{"rendered":"<p>Jestem pracownikiem IT z ponad 16-letnim sta\u017cem. W trakcie kariery przeszed\u0142em przez szczeble hierarchii zawodowej pocz\u0105wszy od software developera poprzez Team Leadera a sko\u0144czywszy na funkcji Scrum Mastera. W swoich organizacjach zawsze uczestniczy\u0142em w procesie nie tylko od strony technicznej ale r\u00f3wnie\u017c organizacyjno\/zarz\u0105dczej. Mam mocne zaplecze techniczne g\u0142\u00f3wnie w zakresie technologii Microsoft\u00a0 jak r\u00f3wnie\u017c umiej\u0119tno\u015b\u0107 [&hellip;]<\/p>\n","protected":false},"author":1,"featured_media":0,"parent":0,"menu_order":0,"comment_status":"closed","ping_status":"closed","template":"","meta":{"_exactmetrics_skip_tracking":false,"_exactmetrics_sitenote_active":false,"_exactmetrics_sitenote_note":"","_exactmetrics_sitenote_category":0,"footnotes":""},"_links":{"self":[{"href":"https:\/\/rafallancucki.pl\/index.php\/wp-json\/wp\/v2\/pages\/8"}],"collection":[{"href":"https:\/\/rafallancucki.pl\/index.php\/wp-json\/wp\/v2\/pages"}],"about":[{"href":"https:\/\/rafallancucki.pl\/index.php\/wp-json\/wp\/v2\/types\/page"}],"author":[{"embeddable":true,"href":"https:\/\/rafallancucki.pl\/index.php\/wp-json\/wp\/v2\/users\/1"}],"replies":[{"embeddable":true,"href":"https:\/\/rafallancucki.pl\/index.php\/wp-json\/wp\/v2\/comments?post=8"}],"version-history":[{"count":7,"href":"https:\/\/rafallancucki.pl\/index.php\/wp-json\/wp\/v2\/pages\/8\/revisions"}],"predecessor-version":[{"id":70,"href":"https:\/\/rafallancucki.pl\/index.php\/wp-json\/wp\/v2\/pages\/8\/revisions\/70"}],"wp:attachment":[{"href":"https:\/\/rafallancucki.pl\/index.php\/wp-json\/wp\/v2\/media?parent=8"}],"curies":[{"name":"wp","href":"https:\/\/api.w.org\/{rel}","templated":true}]}}