{"id":9,"date":"2017-05-26T11:16:41","date_gmt":"2017-05-26T09:16:41","guid":{"rendered":"http:\/\/rafallancucki.pl\/?page_id=9"},"modified":"2017-06-01T22:51:54","modified_gmt":"2017-06-01T20:51:54","slug":"kontakt","status":"publish","type":"page","link":"https:\/\/rafallancucki.pl\/index.php\/kontakt\/","title":{"rendered":"Kontakt"},"content":{"rendered":"<p>Witam,<\/p>\n<p>W razie pyta\u0144 lub jakichkolwiek uwag prosz\u0119 o kontakt:<br \/>\nrafal.lancucki(ma\u0142pa)gmail.com<\/p>\n<p>Pozdrawiam<\/p>\n","protected":false},"excerpt":{"rendered":"<p>Witam, W razie pyta\u0144 lub jakichkolwiek uwag prosz\u0119 o kontakt: rafal.lancucki(ma\u0142pa)gmail.com Pozdrawiam<\/p>\n","protected":false},"author":1,"featured_media":4,"parent":0,"menu_order":0,"comment_status":"closed","ping_status":"closed","template":"","meta":{"_exactmetrics_skip_tracking":false,"_exactmetrics_sitenote_active":false,"_exactmetrics_sitenote_note":"","_exactmetrics_sitenote_category":0,"footnotes":""},"_links":{"self":[{"href":"https:\/\/rafallancucki.pl\/index.php\/wp-json\/wp\/v2\/pages\/9"}],"collection":[{"href":"https:\/\/rafallancucki.pl\/index.php\/wp-json\/wp\/v2\/pages"}],"about":[{"href":"https:\/\/rafallancucki.pl\/index.php\/wp-json\/wp\/v2\/types\/page"}],"author":[{"embeddable":true,"href":"https:\/\/rafallancucki.pl\/index.php\/wp-json\/wp\/v2\/users\/1"}],"replies":[{"embeddable":true,"href":"https:\/\/rafallancucki.pl\/index.php\/wp-json\/wp\/v2\/comments?post=9"}],"version-history":[{"count":3,"href":"https:\/\/rafallancucki.pl\/index.php\/wp-json\/wp\/v2\/pages\/9\/revisions"}],"predecessor-version":[{"id":75,"href":"https:\/\/rafallancucki.pl\/index.php\/wp-json\/wp\/v2\/pages\/9\/revisions\/75"}],"wp:featuredmedia":[{"embeddable":true,"href":"https:\/\/rafallancucki.pl\/index.php\/wp-json\/wp\/v2\/media\/4"}],"wp:attachment":[{"href":"https:\/\/rafallancucki.pl\/index.php\/wp-json\/wp\/v2\/media?parent=9"}],"curies":[{"name":"wp","href":"https:\/\/api.w.org\/{rel}","templated":true}]}}